{"id":30,"date":"2021-09-22T11:35:14","date_gmt":"2021-09-22T08:35:14","guid":{"rendered":"https:\/\/test.artmedia.ee\/lovirahu2021\/aripinnad\/?page_id=30"},"modified":"2022-10-10T16:05:23","modified_gmt":"2022-10-10T13:05:23","slug":"esileht","status":"publish","type":"page","link":"https:\/\/lovirahu.astlanda.ee\/aripinnad\/","title":{"rendered":"Alustasime L\u00f5virahu \u00e4ripindade m\u00fc\u00fcgiga!"},"content":{"rendered":"<div id=\"acf-block_615c02378d636\" class=\"acf-block-element stats overflow-hidden\"><div class=\"row row-grid justify-content-center\"><div class=\"col-12 col-sm-6 col-md-4\"><p class=\"font-forum text-primary position-relative\">3200 <span>\u20ac\/m<sup>2<\/sup><\/span><\/p><p>hind alates  <\/p><\/div><div class=\"col-12 col-sm-6 col-md-4\"><p class=\"font-forum text-primary position-relative\">mugav<\/p><p>parkimine ja ligip\u00e4\u00e4s<\/p><\/div><div class=\"col-12 col-sm-6 col-md-4\"><p class=\"font-forum text-primary position-relative\">A<\/p><p>energiaklass<\/p><\/div><\/div><\/div>\n\n<div id=\"acf-block_615c0572de6ea\" class=\"acf-block-element txtmedia position-relative w-max\"><div class=\"container-fluid position-relative\"><div class=\"container\"><p class=\"wp-el styled-heading wp-block-acf-block-styled-heading styled-heading wp-block-acf-block-styled-heading--txt font-weight-medium text-uppercase text-secondary-alt style-pad\">Asukoht<\/p><h2 class=\"wp-el styled-heading wp-block-acf-block-styled-heading text-primary overflow-hidden style-pad\"><span class=\"d-inline-block position-relative position-relative\">Uue \u00e4ripinna soetamisel on asukoht \u00fcks t\u00e4htsamaid kriteeriume.<\/span><\/h2><div class=\"d-flex flex-wrap align-items-start\"><div class=\"d-flex--item item-media order-lg-1\"><div class=\"item-inner media_slider\"><div class=\"swiper\"><div class=\"swiper-wrapper\"><div class=\"swiper-slide\"><a href=\"https:\/\/lovirahu.astlanda.ee\/aripinnad\/wp-content\/uploads\/sites\/4\/2021\/10\/pexels-proxyclick-visitor-management-system-2451566-1200x800.jpg\" data-fancybox=\"block_615c0572de6ea\"><img decoding=\"async\" width=\"600\" height=\"360\" src=\"https:\/\/lovirahu.astlanda.ee\/aripinnad\/wp-content\/uploads\/sites\/4\/fly-images\/1133\/pexels-proxyclick-visitor-management-system-2451566-scaled-600x360-c.jpg\" class=\"attachment-600x360\" alt=\"pexels-proxyclick-visitor-management-system-2451566\" \/><\/a><\/div><\/div><div class=\"swiper-button-prev\"><svg xmlns=\"http:\/\/www.w3.org\/2000\/svg\" width=\"20\" height=\"17.143\" viewBox=\"0 0 20 17.143\"><path d=\"M.833,9.428H17.458l-6.366,6.236a.875.875,0,0,0-.029,1.212.818.818,0,0,0,1.178.03l7.27-7.123A1.748,1.748,0,0,0,19.5,7.345L12.241.237a.817.817,0,0,0-1.178.03.874.874,0,0,0,.029,1.212l6.392,6.236H.833a.857.857,0,0,0,0,1.714Z\" transform=\"translate(20 17.143) rotate(180)\"\/><\/svg><\/div><div class=\"swiper-button-next\"><svg xmlns=\"http:\/\/www.w3.org\/2000\/svg\" width=\"20\" height=\"17.143\" viewBox=\"0 0 20 17.143\"><path d=\"M.833,7.714H17.458L11.092,1.478A.875.875,0,0,1,11.063.266a.818.818,0,0,1,1.178-.03l7.27,7.123A1.748,1.748,0,0,1,19.5,9.8l-7.256,7.108a.817.817,0,0,1-1.178-.03.874.874,0,0,1,.029-1.212l6.392-6.236H.833a.857.857,0,0,1,0-1.714Z\"\/><\/svg><\/div><\/div><\/div><\/div><div class=\"d-flex--item item-gutenberg\"><div class=\"item-inner\">\n\n<p class=\"wp-el\">L\u00f5virahu \u00e4rirajoon asub turvalise, meeldiva ja s\u00f5braliku Kristiine rahulikus ja rohelises piirkonnas. Seep\u00e4rast on \u00fcmbruskond ideaalne neile, kes armastavad rohelist \u00fcmbrust.<\/p>\n\n\n\n<div class=\"wp-block-buttons is-layout-flex wp-block-buttons-is-layout-flex\">\n<div class=\"wp-block-button\"><a class=\"wp-block-button__link\" href=\"https:\/\/lovirahu.astlanda.ee\/aripinnad\/hinnakiri\/\">Vaata l\u00e4hemalt<\/a><\/div>\n<\/div>\n\n<\/div><\/div><\/div><\/div><\/div><\/div>\n\n<p class=\"wp-el styled-heading styled-heading--txt font-weight-medium text-uppercase text-secondary-alt style-pad\">Hinnakirjad<\/p><h2 id=\"acf-block_61515bfa62348\" class=\"wp-el styled-heading text-primary overflow-hidden style-pad\"><span class=\"d-inline-block position-relative position-relative\">Vali sobiv \u00e4ripind ja uuri l\u00e4hemalt<\/span><\/h2>\n\n<div id=\"acf-block_6151991df749a\" class=\"acf-block-element txtmedia position-relative img-600x520\"><div class=\"d-flex flex-wrap align-items-start\"><div class=\"d-flex--item item-media\"><div class=\"item-inner media_slider img-600x520\"><div class=\"swiper\"><div class=\"swiper-wrapper\"><div class=\"swiper-slide\"><a href=\"https:\/\/lovirahu.astlanda.ee\/aripinnad\/wp-content\/uploads\/sites\/4\/2021\/10\/fin_05-1200x799.jpg\" data-fancybox=\"block_6151991df749a\"><img decoding=\"async\" width=\"600\" height=\"520\" src=\"https:\/\/lovirahu.astlanda.ee\/aripinnad\/wp-content\/uploads\/sites\/4\/fly-images\/1165\/fin_05-600x520-c.jpg\" class=\"attachment-img-600x520\" alt=\"fin_05\" \/><\/a><\/div><\/div><div class=\"swiper-button-prev\"><svg xmlns=\"http:\/\/www.w3.org\/2000\/svg\" width=\"20\" height=\"17.143\" viewBox=\"0 0 20 17.143\"><path d=\"M.833,9.428H17.458l-6.366,6.236a.875.875,0,0,0-.029,1.212.818.818,0,0,0,1.178.03l7.27-7.123A1.748,1.748,0,0,0,19.5,7.345L12.241.237a.817.817,0,0,0-1.178.03.874.874,0,0,0,.029,1.212l6.392,6.236H.833a.857.857,0,0,0,0,1.714Z\" transform=\"translate(20 17.143) rotate(180)\"\/><\/svg><\/div><div class=\"swiper-button-next\"><svg xmlns=\"http:\/\/www.w3.org\/2000\/svg\" width=\"20\" height=\"17.143\" viewBox=\"0 0 20 17.143\"><path d=\"M.833,7.714H17.458L11.092,1.478A.875.875,0,0,1,11.063.266a.818.818,0,0,1,1.178-.03l7.27,7.123A1.748,1.748,0,0,1,19.5,9.8l-7.256,7.108a.817.817,0,0,1-1.178-.03.874.874,0,0,1,.029-1.212l6.392-6.236H.833a.857.857,0,0,1,0-1.714Z\"\/><\/svg><\/div><\/div><\/div><\/div><div class=\"d-flex--item item-gutenberg\"><div class=\"item-inner\">\n\n<p class=\"wp-el\">2021 alustasime L\u00f5virahu \u00c4rikvartali ehitust\u00f6\u00f6dega ja esimesed \u00e4ripinnad Vesipapi 2 ja 4 majades valmivad 2022. aasta s\u00fcgisel.<\/p>\n\n\n\n<p class=\"wp-el\">Projekti viimases etapis lisandusid Vesipapi 6 ja 8 \u00e4ripinnad.<\/p>\n\n<\/div><\/div><\/div><\/div>\n\n<div id=\"businessbuildings\" class=\"acf-block-element buildings w-max bg-removed\"><div class=\"container-fluid\"><div class=\"container\"><div class=\"row row-grid justify-content-center\"><div class=\"col-12 col-md-6\"><a href=\"https:\/\/lovirahu.astlanda.ee\/aripinnad\/hinnakiri\/vesipapi-6\/\" class=\"d-block item-building text-center position-relative h-100\"><div class=\"item-building--thumb d-flex flex-wrap align-items-center justify-content-center\"><img decoding=\"async\" width=\"345\" height=\"345\" src=\"https:\/\/lovirahu.astlanda.ee\/aripinnad\/wp-content\/uploads\/sites\/4\/fly-images\/1398\/Vesipapi6-1-560x345.jpg\" class=\"attachment-img-560x345-soft\" alt=\"Vesipapi6\" \/><\/div><div class=\"item-building--about\"><h3 class=\"text-secondary-alt\">Vesipapi 6<\/h3><p>2 \u00e4ripinda<\/p><p>\u00c4rihoone, valmib 2024<\/p><p>Vali endale sobiv:<\/p><div class=\"wp-block-buttons is-content-justification-center\"><div class=\"wp-block-button is-style-secondary\"><button type=\"button\" class=\"wp-block-button__link\">Hinnakiri<\/button><\/div><\/div><\/div><\/a><\/div><div class=\"col-12 col-md-6\"><a href=\"https:\/\/lovirahu.astlanda.ee\/aripinnad\/hinnakiri\/vesipapi-8\/\" class=\"d-block item-building text-center position-relative h-100\"><div class=\"item-building--thumb d-flex flex-wrap align-items-center justify-content-center\"><img decoding=\"async\" width=\"345\" height=\"345\" src=\"https:\/\/lovirahu.astlanda.ee\/aripinnad\/wp-content\/uploads\/sites\/4\/fly-images\/1400\/Vesipapi8-560x345.jpg\" class=\"attachment-img-560x345-soft\" alt=\"Vesipapi8\" \/><\/div><div class=\"item-building--about\"><h3 class=\"text-secondary-alt\">Vesipapi 8<\/h3><p>2 \u00e4ripinda<\/p><p>\u00c4rihoone, valmib 2024<\/p><p>Vali endale sobiv:<\/p><div class=\"wp-block-buttons is-content-justification-center\"><div class=\"wp-block-button is-style-secondary\"><button type=\"button\" class=\"wp-block-button__link\">Hinnakiri<\/button><\/div><\/div><\/div><\/a><\/div><\/div><\/div><\/div><\/div>\n\n<p class=\"wp-el styled-heading styled-heading--txt font-weight-medium text-uppercase text-secondary-alt style-pad\">L\u00e4hi\u00fcmbrus<\/p><h2 id=\"acf-block_61515c0862349\" class=\"wp-el styled-heading text-primary overflow-hidden style-pad\"><span class=\"d-inline-block position-relative position-relative\">Vaata erinevaid jalutusk\u00e4igu kaugusel paiknevaid v\u00f5imalusi<\/span><\/h2>\n\n<div id=\"acf-block_6152ac3fef248\" class=\"acf-block-element map w-max\"><div class=\"map-filters container\"><ul class=\"list-unstyled nav nav-tabs d-flex flex-wrap justify-content-center justify-content-lg-end\" role=\"tablist\"><li class=\"nav-item\" data-pinicon=\"https:\/\/lovirahu.astlanda.ee\/aripinnad\/wp-content\/uploads\/sites\/4\/2021\/09\/icon-haridus.svg\" data-pins=\"59.429540;24.711670;Tallinna Lille Lasteaed|59.405770;24.679820;Tallinna Lepatriinu Lasteaed|59.439780;24.742660;Tallinna Lillek\u00fcla G\u00fcmnaasium|59.4101375;24.6987224;Tallinna S\u00f5brakese Lasteaed|59.4106826;24.6973188;Mooni\u00f5ied Lasteaed|59.4108001;24.6952732;Tallinna 32. Keskkool|59.4081194;24.6804251;Sinilind Lasteaed|59.4094676;24.6708984;Tallinna Majanduskool|59.4092045;24.6724757;Mustam\u00e4e Humanitaarg\u00fcmnaasium|59.4080542;24.6726418;R\u00f5\u00f5mupesa Lasteaed|59.4056831;24.6886667;Kiikhobu Lasteaed|59.4050034;24.6954765;Tammet\u00f5ru Lasteaed|59.4047732;24.7143496;Audentese Erakool|59.4041701;24.6902133;Tallinna Arte G\u00fcmnaasium|59.4035806;24.6746241;Tallinna M\u00e4nni Lasteaed|59.4022897;24.671976;T\u00e4hekese Lasteaed|59.4019111;24.6739715;Mustam\u00e4e G\u00fcmnaasium|59.4011549;24.687143;Lasteaed Kikas\"><button class=\"d-flex flex-wrap align-items-center justify-content-center text-uppercase active\" data-toggle=\"tab\" role=\"tab\">Haridus<\/button><\/li><li class=\"nav-item\" data-pinicon=\"https:\/\/lovirahu.astlanda.ee\/aripinnad\/wp-content\/uploads\/sites\/4\/2021\/09\/icon-sport.svg\" data-pins=\"59.4258908;24.6594926;Tallinna Loomaed|59.4369608;24.7535747;Miilu M\u00e4ngumaa|59.415438;24.6911596;Lohesaba Seikluslinnak|59.4082404;24.6894012;Mustam\u00e4e Keskuse kino + MyFitness|59.4071877;24.6726586;Mustam\u00e4e Avatud Noortekeskus|59.4051999;24.7148325;Audentese Spordiklubi|59.3997862;24.6644819;Mustam\u00e4e Spa ja elamustekeskus|59.4000642;24.6697701;Mustam\u00e4e Tervisekeskus\"><button class=\"d-flex flex-wrap align-items-center justify-content-center text-uppercase\" data-toggle=\"tab\" role=\"tab\">Vaba aeg<\/button><\/li><li class=\"nav-item\" data-pinicon=\"https:\/\/lovirahu.astlanda.ee\/aripinnad\/wp-content\/uploads\/sites\/4\/2021\/09\/icon-sook.svg\" data-pins=\"59.4241974;24.7006975;Kamikadze Grill Restoran|59.4207799;24.6945776;Buffalo Pubi|59.4123608;24.7355069;Veski k\u00f5rts|59.4119984;24.6680522;Uulits\"><button class=\"d-flex flex-wrap align-items-center justify-content-center text-uppercase\" data-toggle=\"tab\" role=\"tab\">S\u00f6\u00f6gikohad<\/button><\/li><li class=\"nav-item\" data-pinicon=\"https:\/\/lovirahu.astlanda.ee\/aripinnad\/wp-content\/uploads\/sites\/4\/2021\/09\/icon-kaubandus.svg\" data-pins=\"59.4227548;24.6967984;Marienthali Selver|59.4144137;24.7075918;S\u00f5pruse pst. Rimi|59.4121793;24.6667941;Kadaka Selver|59.4102831;24.6813508;Mustika Keskus|59.4084506;24.6885926;Mustam\u00e4e Keskus|59.400906;24.6934182;Mustam\u00e4e Zoomaailm\"><button class=\"d-flex flex-wrap align-items-center justify-content-center text-uppercase\" data-toggle=\"tab\" role=\"tab\">Shopping<\/button><\/li><\/ul><\/div><div class=\"container-fluid\"><div class=\"map-content\"><\/div><\/div><\/div>\n\n\n<p class=\"wp-el\"><\/p>\n","protected":false},"excerpt":{"rendered":"","protected":false},"author":1,"featured_media":0,"parent":0,"menu_order":0,"comment_status":"closed","ping_status":"closed","template":"","meta":{"_acf_changed":false,"inline_featured_image":false,"footnotes":""},"acf":[],"_links":{"self":[{"href":"https:\/\/lovirahu.astlanda.ee\/aripinnad\/wp-json\/wp\/v2\/pages\/30"}],"collection":[{"href":"https:\/\/lovirahu.astlanda.ee\/aripinnad\/wp-json\/wp\/v2\/pages"}],"about":[{"href":"https:\/\/lovirahu.astlanda.ee\/aripinnad\/wp-json\/wp\/v2\/types\/page"}],"author":[{"embeddable":true,"href":"https:\/\/lovirahu.astlanda.ee\/aripinnad\/wp-json\/wp\/v2\/users\/1"}],"replies":[{"embeddable":true,"href":"https:\/\/lovirahu.astlanda.ee\/aripinnad\/wp-json\/wp\/v2\/comments?post=30"}],"version-history":[{"count":113,"href":"https:\/\/lovirahu.astlanda.ee\/aripinnad\/wp-json\/wp\/v2\/pages\/30\/revisions"}],"predecessor-version":[{"id":1392,"href":"https:\/\/lovirahu.astlanda.ee\/aripinnad\/wp-json\/wp\/v2\/pages\/30\/revisions\/1392"}],"wp:attachment":[{"href":"https:\/\/lovirahu.astlanda.ee\/aripinnad\/wp-json\/wp\/v2\/media?parent=30"}],"curies":[{"name":"wp","href":"https:\/\/api.w.org\/{rel}","templated":true}]}}