{"id":50,"date":"2021-09-22T13:11:09","date_gmt":"2021-09-22T10:11:09","guid":{"rendered":"https:\/\/test.artmedia.ee\/lovirahu2021\/elupinnad\/?page_id=50"},"modified":"2026-04-06T15:59:56","modified_gmt":"2026-04-06T12:59:56","slug":"muugiinfo","status":"publish","type":"page","link":"https:\/\/lovirahu.astlanda.ee\/elupinnad\/muugiinfo\/","title":{"rendered":"M\u00fc\u00fcgiinfo"},"content":{"rendered":"\n<div class=\"wp-block-columns is-layout-flex wp-container-core-columns-is-layout-1 wp-block-columns-is-layout-flex\">\n<div class=\"wp-block-column is-layout-flow wp-block-column-is-layout-flow\">\n<h2 class=\"wp-block-heading has-theme-secondary-alt-color has-text-color wp-el\">Hinnas sisaldub<\/h2>\n\n\n\n<ul class=\"wp-el\">\n<li>korteri ja elamu valmidus vastavalt projektile<\/li>\n\n\n\n<li>siseviimistlus vastavalt valitud viimistluspaketile<\/li>\n\n\n\n<li>vannitoa m\u00f6\u00f6bel<\/li>\n\n\n\n<li>tasu veevarustuse ja kanalisatsiooniga liitumise eest<\/li>\n\n\n\n<li>tasu elektrivarustusega liitumise eest<\/li>\n\n\n\n<li>tasu k\u00fcttega liitumise eest<\/li>\n\n\n\n<li>telefoni, kaabelside ja valvesignalisatsiooni valmidus<\/li>\n\n\n\n<li>kaheaastane garantiiperiood<\/li>\n<\/ul>\n<\/div>\n\n\n\n<div class=\"wp-block-column is-layout-flow wp-block-column-is-layout-flow\">\n<h2 class=\"wp-block-heading has-theme-secondary-alt-color has-text-color wp-el\">Hinnas ei sisaldu<\/h2>\n\n\n\n<ul class=\"wp-el\">\n<li>m\u00fc\u00fcgilepingu s\u00f5lmimisega seotud notaritasud ja riigil\u00f5ivud<\/li>\n\n\n\n<li>tasu telefoni-, andmeside- ja kaabeltelevisiooniv\u00f5rguga liitumise eest<\/li>\n\n\n\n<li>tasu valvesignalisatsiooniga liitumise eest<\/li>\n\n\n\n<li>plaanidel n\u00e4idatud m\u00f6\u00f6bliesemed<\/li>\n\n\n\n<li>parkimiskoht<\/li>\n\n\n\n<li>panipaik<\/li>\n<\/ul>\n<\/div>\n<\/div>\n\n\n<div id=\"acf-block_6db2d5b15a4cec7e506a48c892b086f5\" class=\"acf-block-element gallery layout_narrow\"><div class=\"gallery\"><figure class=\"gallery-item\"><a href=\"https:\/\/lovirahu.astlanda.ee\/elupinnad\/wp-content\/uploads\/sites\/2\/2022\/10\/2-1200x799.jpg\" data-fancybox=\"block_6db2d5b15a4cec7e506a48c892b086f5\"><img decoding=\"async\" width=\"370\" height=\"210\" src=\"https:\/\/lovirahu.astlanda.ee\/elupinnad\/wp-content\/uploads\/sites\/2\/2022\/10\/2-370x210.jpg\" class=\"attachment-thumbnail size-thumbnail\" alt=\"\" \/><\/a><\/figure><figure class=\"gallery-item\"><a href=\"https:\/\/lovirahu.astlanda.ee\/elupinnad\/wp-content\/uploads\/sites\/2\/2022\/10\/3-1200x799.jpg\" data-fancybox=\"block_6db2d5b15a4cec7e506a48c892b086f5\"><img decoding=\"async\" width=\"370\" height=\"210\" src=\"https:\/\/lovirahu.astlanda.ee\/elupinnad\/wp-content\/uploads\/sites\/2\/2022\/10\/3-370x210.jpg\" class=\"attachment-thumbnail size-thumbnail\" alt=\"\" \/><\/a><\/figure><figure class=\"gallery-item\"><a href=\"https:\/\/lovirahu.astlanda.ee\/elupinnad\/wp-content\/uploads\/sites\/2\/2022\/10\/1-1200x799.jpg\" data-fancybox=\"block_6db2d5b15a4cec7e506a48c892b086f5\"><img decoding=\"async\" width=\"370\" height=\"210\" src=\"https:\/\/lovirahu.astlanda.ee\/elupinnad\/wp-content\/uploads\/sites\/2\/2022\/10\/1-370x210.jpg\" class=\"attachment-thumbnail size-thumbnail\" alt=\"\" \/><\/a><\/figure><\/div><\/div>\n\n<h2 id=\"ostuprotsess\" class=\"wp-el styled-heading text-secondary-alt overflow-hidden style-line\"><span class=\"d-inline-block position-relative position-relative\">Ostuprotsess<\/span><\/h2>\n\n<ol id=\"acf-block_57507518b11c5bb45464fd1ae50141c9\" class=\"wp-el ol-styled steps\"><li>Lihtkirjalik broneerimiskokkulepe, mille alusel ostja tasub sissemaksu 3 000 \u20ac. Lepingu kehtivusaeg 1 kuu.<\/li><li>Notariaalne v\u00f5la\u00f5iguslik m\u00fc\u00fcgileping s\u00f5lmitakse broneerimiskokkuleppe kehtivuse ajal ja toimub 15% ostuhinna tasumine (s.h varem tasutud 3 000 \u20ac).<\/li><li>Korter saab valmis ja kohtume ehitust\u00f6\u00f6de \u00fclevaatuseks.<\/li><li>Notariaalne asja\u00f5igusleping s\u00f5lmitakse, kui ehitust\u00f6\u00f6d on \u00fcle vaadatud ja ostja poolt allkirjaga vastu v\u00f5etud. Kaasneb \u00fclej\u00e4\u00e4nud 85% tasumine m\u00fc\u00fcgihinnast.<\/li><li>Anname Sulle \u00fcle Sinu uue kodu v\u00f5tmed ja v\u00e4ikese t\u00e4nukingituse meie poolt.<\/li><\/ol>\n\n<h2 id=\"pankade-kontaktid\" class=\"wp-el styled-heading text-secondary-alt overflow-hidden style-line\"><span class=\"d-inline-block position-relative position-relative\">Pankade kontaktid<\/span><\/h2>\n\n<div id=\"acf-block_58781bd03f97c2cffff736fadde1dbff\" class=\"acf-block-element contacts\"><div class=\"row row-grid row-contacts\"><div class=\"col-12 col-lg-6\"><div class=\"item-contact item-contact--square d-flex flex-wrap\"><div  class=\"item-contact-image align-self-start overflow-hidden d-flex flex-wrap align-items-center justify-content-center img_person\"><img decoding=\"async\" src=\"https:\/\/lovirahu.astlanda.ee\/elupinnad\/wp-content\/uploads\/sites\/2\/fly-images\/3435\/Arenduse-lehele-pilt-200x200-c.jpg\" width=\"200\" height=\"200\" alt=\"\" \/><\/div><div class=\"item-contact-about\"><p class=\"item-contact--title font-weight-medium text-uppercase\">Birgit Gr\u00fcnbaum<\/p><p class=\"item-contact--desc\">Kinnisvara m\u00fc\u00fcgi projektijuht<\/p><ul class=\"item-contact--info\"><li><a href=\"tel:+372 5308 8864\">+372 5308 8864<\/a><\/li><li><a href=\"mailto:birgit.grynbaum@astlanda.ee\">birgit.grynbaum@astlanda.ee<\/a><\/li><\/ul><\/div><\/div><\/div><\/div><\/div>\n\n\n<div class=\"wp-block-columns is-layout-flex wp-container-core-columns-is-layout-2 wp-block-columns-is-layout-flex\">\n<div class=\"wp-block-column is-layout-flow wp-block-column-is-layout-flow\"><div class=\"wp-block-image no-lightbox\">\n<figure class=\"aligncenter size-full\"><a class=\"no-lightbox\" href=\"https:\/\/luminor.ee\/eripakkumine-astlanda-kinnisvarale\" target=\"_blank\" rel=\"noopener\"><img decoding=\"async\" width=\"1000\" height=\"1000\" src=\"https:\/\/lovirahu.astlanda.ee\/elupinnad\/wp-content\/uploads\/sites\/2\/2023\/08\/LUMINOR_Home_Loan_Banner_1000x1000px_Profile_RGB_Marlen_EST_20220210-1.png\" alt=\"\" class=\"wp-image-3440\" srcset=\"https:\/\/lovirahu.astlanda.ee\/elupinnad\/wp-content\/uploads\/sites\/2\/2023\/08\/LUMINOR_Home_Loan_Banner_1000x1000px_Profile_RGB_Marlen_EST_20220210-1.png 1000w, https:\/\/lovirahu.astlanda.ee\/elupinnad\/wp-content\/uploads\/sites\/2\/2023\/08\/LUMINOR_Home_Loan_Banner_1000x1000px_Profile_RGB_Marlen_EST_20220210-1-400x400.png 400w\" sizes=\"(max-width: 1000px) 100vw, 1000px\" \/><\/a><\/figure><\/div><\/div>\n\n\n\n<div class=\"wp-block-column is-layout-flow wp-block-column-is-layout-flow\"><div class=\"wp-block-image no-lightbox\">\n<figure class=\"aligncenter size-full\"><img decoding=\"async\" width=\"1080\" height=\"1080\" src=\"https:\/\/lovirahu.astlanda.ee\/elupinnad\/wp-content\/uploads\/sites\/2\/2026\/04\/roheline-kodu_650x650_2024.06_et.png\" alt=\"\" class=\"wp-image-6700\" srcset=\"https:\/\/lovirahu.astlanda.ee\/elupinnad\/wp-content\/uploads\/sites\/2\/2026\/04\/roheline-kodu_650x650_2024.06_et.png 1080w, https:\/\/lovirahu.astlanda.ee\/elupinnad\/wp-content\/uploads\/sites\/2\/2026\/04\/roheline-kodu_650x650_2024.06_et-400x400.png 400w\" sizes=\"(max-width: 1080px) 100vw, 1080px\" \/><\/figure><\/div><\/div>\n<\/div>\n\n\n\n<div class=\"wp-block-columns is-layout-flex wp-container-core-columns-is-layout-3 wp-block-columns-is-layout-flex\">\n<div class=\"wp-block-column is-layout-flow wp-block-column-is-layout-flow\"><div class=\"wp-block-image no-lightbox\">\n<figure class=\"aligncenter size-full is-resized\"><a class=\"no-lightbox\" href=\"https:\/\/www.citadele.ee\/et\/private\/mortgage\/\" target=\"_blank\" rel=\"noopener\"><img decoding=\"async\" width=\"1000\" height=\"1000\" src=\"https:\/\/lovirahu.astlanda.ee\/elupinnad\/wp-content\/uploads\/sites\/2\/2023\/02\/1000x1000_kl_ee.jpg\" alt=\"\" class=\"wp-image-3382\" style=\"width:500px;height:500px\" srcset=\"https:\/\/lovirahu.astlanda.ee\/elupinnad\/wp-content\/uploads\/sites\/2\/2023\/02\/1000x1000_kl_ee.jpg 1000w, https:\/\/lovirahu.astlanda.ee\/elupinnad\/wp-content\/uploads\/sites\/2\/2023\/02\/1000x1000_kl_ee-400x400.jpg 400w\" sizes=\"(max-width: 1000px) 100vw, 1000px\" \/><\/a><\/figure><\/div><\/div>\n\n\n\n<div class=\"wp-block-column is-layout-flow wp-block-column-is-layout-flow\"><div class=\"wp-block-image no-lightbox\">\n<figure class=\"aligncenter size-full is-resized\"><a class=\"no-lightbox\" href=\"https:\/\/www.swedbank.ee\/private\/credit\/loans\/home?language=EST&amp;campaignCode=ASTLANDA&amp;allYear_KVwebastlanda_homeloan_findoutmore_ee_est\" target=\"_blank\" rel=\"noopener\"><img decoding=\"async\" width=\"1000\" height=\"1000\" src=\"https:\/\/lovirahu.astlanda.ee\/elupinnad\/wp-content\/uploads\/sites\/2\/2023\/02\/Koduost_1000x1000px_est.png\" alt=\"\" class=\"wp-image-3388\" style=\"width:500px;height:500px\" srcset=\"https:\/\/lovirahu.astlanda.ee\/elupinnad\/wp-content\/uploads\/sites\/2\/2023\/02\/Koduost_1000x1000px_est.png 1000w, https:\/\/lovirahu.astlanda.ee\/elupinnad\/wp-content\/uploads\/sites\/2\/2023\/02\/Koduost_1000x1000px_est-400x400.png 400w\" sizes=\"(max-width: 1000px) 100vw, 1000px\" \/><\/a><\/figure><\/div><\/div>\n<\/div>\n\n\n\n<div class=\"wp-block-columns is-layout-flex wp-container-core-columns-is-layout-4 wp-block-columns-is-layout-flex\">\n<div class=\"wp-block-column is-layout-flow wp-block-column-is-layout-flow\"><div class=\"wp-block-image no-lightbox\">\n<figure class=\"aligncenter size-full is-resized\"><a class=\"no-lightbox\" href=\"https:\/\/www.seb.ee\/eraklient\/laenud\/kodulaen\" target=\"_blank\" rel=\"noopener\"><img decoding=\"async\" width=\"1000\" height=\"1000\" src=\"http:\/\/lovirahu.astlanda.ee\/elupinnad\/wp-content\/uploads\/sites\/2\/2023\/03\/SEB-uurige-finantseerimisvoimalusi_1000x1000px_13.9.2021_EE.jpg\" alt=\"\" class=\"wp-image-3402\" style=\"width:500px;height:500px\" srcset=\"https:\/\/lovirahu.astlanda.ee\/elupinnad\/wp-content\/uploads\/sites\/2\/2023\/03\/SEB-uurige-finantseerimisvoimalusi_1000x1000px_13.9.2021_EE.jpg 1000w, https:\/\/lovirahu.astlanda.ee\/elupinnad\/wp-content\/uploads\/sites\/2\/2023\/03\/SEB-uurige-finantseerimisvoimalusi_1000x1000px_13.9.2021_EE-400x400.jpg 400w\" sizes=\"(max-width: 1000px) 100vw, 1000px\" \/><\/a><\/figure><\/div><\/div>\n\n\n\n<div class=\"wp-block-column is-layout-flow wp-block-column-is-layout-flow\">\n<figure class=\"wp-block-image size-full is-resized\"><a href=\"https:\/\/www.cooppank.ee\/kodulaen\"><img decoding=\"async\" width=\"1000\" height=\"1000\" src=\"http:\/\/lovirahu.astlanda.ee\/elupinnad\/wp-content\/uploads\/sites\/2\/2023\/04\/kodulaen_lovirahu_arendus_1000x1000-3.png\" alt=\"\" class=\"wp-image-3431\" style=\"width:500px;height:500px\" srcset=\"https:\/\/lovirahu.astlanda.ee\/elupinnad\/wp-content\/uploads\/sites\/2\/2023\/04\/kodulaen_lovirahu_arendus_1000x1000-3.png 1000w, https:\/\/lovirahu.astlanda.ee\/elupinnad\/wp-content\/uploads\/sites\/2\/2023\/04\/kodulaen_lovirahu_arendus_1000x1000-3-400x400.png 400w\" sizes=\"(max-width: 1000px) 100vw, 1000px\" \/><\/a><\/figure>\n<\/div>\n<\/div>\n\n\n\n<figure class=\"wp-block-image size-large\"><img decoding=\"async\" width=\"1200\" height=\"456\" src=\"https:\/\/lovirahu.astlanda.ee\/elupinnad\/wp-content\/uploads\/sites\/2\/2026\/04\/Kodulaen-2-1200x456.png\" alt=\"\" class=\"wp-image-6704\" srcset=\"https:\/\/lovirahu.astlanda.ee\/elupinnad\/wp-content\/uploads\/sites\/2\/2026\/04\/Kodulaen-2-1200x456.png 1200w, https:\/\/lovirahu.astlanda.ee\/elupinnad\/wp-content\/uploads\/sites\/2\/2026\/04\/Kodulaen-2-600x228.png 600w\" sizes=\"(max-width: 1200px) 100vw, 1200px\" \/><\/figure>\n","protected":false},"excerpt":{"rendered":"<p>Hinnas sisaldub Hinnas ei sisaldu<\/p>\n","protected":false},"author":1,"featured_media":0,"parent":0,"menu_order":60,"comment_status":"closed","ping_status":"closed","template":"","meta":{"_acf_changed":false,"inline_featured_image":false,"footnotes":""},"acf":[],"_links":{"self":[{"href":"https:\/\/lovirahu.astlanda.ee\/elupinnad\/wp-json\/wp\/v2\/pages\/50"}],"collection":[{"href":"https:\/\/lovirahu.astlanda.ee\/elupinnad\/wp-json\/wp\/v2\/pages"}],"about":[{"href":"https:\/\/lovirahu.astlanda.ee\/elupinnad\/wp-json\/wp\/v2\/types\/page"}],"author":[{"embeddable":true,"href":"https:\/\/lovirahu.astlanda.ee\/elupinnad\/wp-json\/wp\/v2\/users\/1"}],"replies":[{"embeddable":true,"href":"https:\/\/lovirahu.astlanda.ee\/elupinnad\/wp-json\/wp\/v2\/comments?post=50"}],"version-history":[{"count":87,"href":"https:\/\/lovirahu.astlanda.ee\/elupinnad\/wp-json\/wp\/v2\/pages\/50\/revisions"}],"predecessor-version":[{"id":6706,"href":"https:\/\/lovirahu.astlanda.ee\/elupinnad\/wp-json\/wp\/v2\/pages\/50\/revisions\/6706"}],"wp:attachment":[{"href":"https:\/\/lovirahu.astlanda.ee\/elupinnad\/wp-json\/wp\/v2\/media?parent=50"}],"curies":[{"name":"wp","href":"https:\/\/api.w.org\/{rel}","templated":true}]}}