{"id":52,"date":"2021-09-22T13:11:16","date_gmt":"2021-09-22T10:11:16","guid":{"rendered":"https:\/\/test.artmedia.ee\/lovirahu2021\/elupinnad\/?page_id=52"},"modified":"2025-05-07T14:04:32","modified_gmt":"2025-05-07T11:04:32","slug":"meist","status":"publish","type":"page","link":"https:\/\/lovirahu.astlanda.ee\/elupinnad\/meist\/","title":{"rendered":"Meist"},"content":{"rendered":"\n<div class=\"wp-block-columns is-layout-flex wp-container-core-columns-is-layout-1 wp-block-columns-is-layout-flex\">\n<div class=\"wp-block-column is-layout-flow wp-block-column-is-layout-flow\">\n<p class=\"wp-el\">Astlanda Ehitus on Eesti ehitusturul tegutsenud juba \u00fcle 15 aasta. Nii on meil ette n\u00e4idata pikk ja muljetavaldav nimekiri tehtud t\u00f6\u00f6dest \u2013 kodudest kaubanduskeskusteni ja spordihallidest ministeeriumideni. Loomulikult oleme k\u00f5ikide oma projektide \u00fcle uhked. Kui aga peaksime midagi eraldi esile t\u00f5stma, siis viimase aja t\u00e4htsamatest projektidest m\u00e4rgiksime kindlasti \u00e4ra Eesti Kunstiakadeemia loomingulise atmosf\u00e4\u00e4riga uue hoone ning uuendusliku Tallinna Kohtuhoone. Parimaks t\u00f5estuseks, et Astlanda kodud meeldivad ka teistele liikidele peale inimeste, on Tallinna Loomaaia Polaarium, mis on koduks Eesti ainsatele j\u00e4\u00e4karudele.<\/p>\n\n\n\n<p class=\"wp-el\">Astlanda peamisteks tegevusvaldkondadeks on ehitamine ja ehituse juhtimine peat\u00f6\u00f6v\u00f5tu, projekteerimis-ehitust\u00f6\u00f6v\u00f5tu ja juhtimist\u00f6\u00f6v\u00f5tu korras, kinnisvara arendamine ning sellega kaasnevate tegevuste korraldamine.<\/p>\n<\/div>\n\n\n\n<div class=\"wp-block-column is-layout-flow wp-block-column-is-layout-flow\">\n<p class=\"wp-el\">Pikaajalise meeskonnat\u00f6\u00f6 tulemusena on s\u00fcndinud toimiv s\u00fcsteem, mille k\u00e4igus haldame hoonete kerkimise k\u00f5iki protsesse \u2013 asukoha valikust projekteerimiseni ning nurgakivist kuni viimase lihvini.<\/p>\n\n\n\n<p class=\"wp-el\">Meie kaubam\u00e4rgiks on usaldusv\u00e4\u00e4rne ja kvaliteetne ehitusteenus ning seda olenemata kerkiva hoone iseloomust ja eesm\u00e4rgist. Astlanda Ehitus on oma tegevuses efektiivne ja keskkonnas\u00f5bralik ettev\u00f5te, kus igas otsuses arvestatakse klientide, t\u00f6\u00f6tajate ja \u00fchiskonna huvide ning vajadustega. K\u00f5ik meie valikud ja projektid on kantud ideest lisada linnaruumi v\u00e4\u00e4rtust ja loomingulisi lahendusi ning pakkuda kodusid, mis ei ole lihtsalt elamud. Nii tagame oma arendustele kvaliteetsuse, funktsionaalsuse ja laitmatu sobivuse \u00fcmbritsevasse keskkonda.<\/p>\n\n\n\n<p class=\"wp-el\">Tutvu k\u00f5igi meie tehtud t\u00f6\u00f6dega l\u00e4hemalt <a href=\"#teised-projektid\">SIIN<\/a>.<\/p>\n<\/div>\n<\/div>\n\n\n\n<div class=\"wp-block-buttons is-horizontal is-content-justification-center is-layout-flex wp-container-core-buttons-is-layout-1 wp-block-buttons-is-layout-flex\">\n<div class=\"wp-block-button is-style-secondary\"><a class=\"wp-block-button__link wp-element-button\" href=\"https:\/\/astlandakinnisvara.ee\/\" target=\"_blank\" rel=\"noreferrer noopener\">Vaata ka meie teisi projekte<\/a><\/div>\n<\/div>\n\n\n<div id=\"teised-projektid\" class=\"acf-block-element other-projects\"><div class=\"row row-grid row-projects\"><div class=\"col-12 col-sm-6\"><a href=\"https:\/\/trummivillad.ee\" class=\"item-project d-block\" target=\"_blank\"><div class=\"item-project--thumb\"><img decoding=\"async\" width=\"570\" height=\"320\" src=\"https:\/\/lovirahu.astlanda.ee\/elupinnad\/wp-content\/uploads\/sites\/2\/fly-images\/2154\/TV-570x320-c.jpg\" class=\"attachment-img-570x320\" alt=\"TV\" \/><\/div><div class=\"item-project--about editor-content\"><p class=\"has-large-font-size text-primary font-forum\">Trummi Villad<\/p><p>Trummi Villad &#8211; privaatsed linnavillad N\u00f5mmel!<\/p>\n<\/div><\/a><\/div><div class=\"col-12 col-sm-6\"><a href=\"https:\/\/trummikodud.ee\" class=\"item-project d-block\" target=\"_blank\"><div class=\"item-project--thumb\"><img decoding=\"async\" width=\"570\" height=\"320\" src=\"https:\/\/lovirahu.astlanda.ee\/elupinnad\/wp-content\/uploads\/sites\/2\/fly-images\/2151\/TK-570x320-c.jpg\" class=\"attachment-img-570x320\" alt=\"TK\" \/><\/div><div class=\"item-project--about editor-content\"><p class=\"has-large-font-size text-primary font-forum\">Trummi Kodud<\/p><p>Trummi Kodud &#8211; Sinu unistuste kodu N\u00f5mme m\u00e4ndide all!<\/p>\n<\/div><\/a><\/div><div class=\"col-12 col-sm-6\"><a href=\"http:\/\/astlanda.ee\/tobiase\/\" class=\"item-project d-block\" target=\"_blank\"><div class=\"item-project--thumb\"><img decoding=\"async\" width=\"570\" height=\"320\" src=\"https:\/\/lovirahu.astlanda.ee\/elupinnad\/wp-content\/uploads\/sites\/2\/fly-images\/232\/tobias5-min-570x320-c.jpg\" class=\"attachment-img-570x320\" alt=\"tobias5-min\" \/><\/div><div class=\"item-project--about editor-content\"><p class=\"has-large-font-size text-primary font-forum\">Tobiase Kodud<\/p><p>Tallinna \u00fches romantilisemas piirkonnas kohtuvad mugavus, modernsus ja klassikaline Kadriorg. <\/p>\n<\/div><\/a><\/div><div class=\"col-12 col-sm-6\"><a href=\"http:\/\/www.wilmsivilla.ee\/\" class=\"item-project d-block\" target=\"_blank\"><div class=\"item-project--thumb\"><img decoding=\"async\" width=\"570\" height=\"320\" src=\"https:\/\/lovirahu.astlanda.ee\/elupinnad\/wp-content\/uploads\/sites\/2\/fly-images\/229\/Wilmsi_Villa_5-min-scaled-570x320-c.jpg\" class=\"attachment-img-570x320\" alt=\"Wilmsi_Villa_5-min\" \/><\/div><div class=\"item-project--about editor-content\"><p class=\"has-large-font-size text-primary font-forum\">Wilmsi Villa Kadriorus<\/p><p>2021. aastal valminud Wilmsi Villat iseloomustab Kadriorule omane luksus ja romantilisus!<\/p>\n<\/div><\/a><\/div><div class=\"col-12 col-sm-6\"><a href=\"https:\/\/astlanda.ee\/blog\/korterid\/meeliku-212-lasnamae-tallinn\/\" class=\"item-project d-block\" target=\"_blank\"><div class=\"item-project--thumb\"><img decoding=\"async\" width=\"570\" height=\"320\" src=\"https:\/\/lovirahu.astlanda.ee\/elupinnad\/wp-content\/uploads\/sites\/2\/fly-images\/226\/DSC9935-min-570x320-c.jpg\" class=\"attachment-img-570x320\" alt=\"DSC9935-min\" \/><\/div><div class=\"item-project--about editor-content\"><p class=\"has-large-font-size text-primary font-forum\">Meeliku 21\/2<\/p><p>Kui Tallinnas on piirkond, mis n\u00e4itab viimasel ajal tohutut arengut, on see Lasnam\u00e4gi. Valminud Loopealse elamurajooni kodud on t\u00e4naseks k\u00f5ik m\u00fc\u00fcdud.<\/p>\n<\/div><\/a><\/div><div class=\"col-12 col-sm-6\"><a href=\"http:\/\/www.astlanda.ee\/mannimetsa\/\" class=\"item-project d-block\" target=\"_blank\"><div class=\"item-project--thumb\"><img decoding=\"async\" width=\"570\" height=\"320\" src=\"https:\/\/lovirahu.astlanda.ee\/elupinnad\/wp-content\/uploads\/sites\/2\/fly-images\/223\/AAC35832-min-570x320-c.jpg\" class=\"attachment-img-570x320\" alt=\"AAC35832-min\" \/><\/div><div class=\"item-project--about editor-content\"><p class=\"has-large-font-size text-primary font-forum\">M\u00e4nnimetsa<\/p><p>M\u00e4nnimetsa arenduse krundid on t\u00e4naseks k\u00f5ik m\u00fc\u00fcdud.<\/p>\n<\/div><\/a><\/div><div class=\"col-12 col-sm-6\"><a href=\"http:\/\/www.astlanda.ee\/sarje\/\" class=\"item-project d-block\" target=\"_blank\"><div class=\"item-project--thumb\"><img decoding=\"async\" width=\"570\" height=\"320\" src=\"https:\/\/lovirahu.astlanda.ee\/elupinnad\/wp-content\/uploads\/sites\/2\/fly-images\/220\/DSC0315-min-570x320-c.jpg\" class=\"attachment-img-570x320\" alt=\"DSC0315-min\" \/><\/div><div class=\"item-project--about editor-content\"><p class=\"has-large-font-size text-primary font-forum\">S\u00e4rje<\/p><p>Valminud kodud on t\u00e4naseks k\u00f5ik m\u00fc\u00fcdud.<\/p>\n<\/div><\/a><\/div><div class=\"col-12 col-sm-6\"><a href=\"http:\/\/www.astlanda.ee\/rougu\/\" class=\"item-project d-block\" target=\"_blank\"><div class=\"item-project--thumb\"><img decoding=\"async\" width=\"570\" height=\"320\" src=\"https:\/\/lovirahu.astlanda.ee\/elupinnad\/wp-content\/uploads\/sites\/2\/fly-images\/217\/DSC3038-min-570x320-c.jpg\" class=\"attachment-img-570x320\" alt=\"DSC3038-min\" \/><\/div><div class=\"item-project--about editor-content\"><p class=\"has-large-font-size text-primary font-forum\">R\u00f5ugu 2 ja Pikaliiva 92<\/p><p>K\u00f5ik kodud Haabersti ja Kakum\u00e4e veerel on t\u00e4naseks m\u00fc\u00fcdud.<\/p>\n<\/div><\/a><\/div><div class=\"col-12 col-sm-6\"><a href=\"http:\/\/www.astlanda.ee\/blog\/korterid\/villardi-11roopa-15-tallinn\/\" class=\"item-project d-block\" target=\"_blank\"><div class=\"item-project--thumb\"><img decoding=\"async\" width=\"570\" height=\"320\" src=\"https:\/\/lovirahu.astlanda.ee\/elupinnad\/wp-content\/uploads\/sites\/2\/fly-images\/214\/villardi-min-570x320-c.png\" class=\"attachment-img-570x320\" alt=\"villardi-min\" \/><\/div><div class=\"item-project--about editor-content\"><p class=\"has-large-font-size text-primary font-forum\">Villardi 11\/Roopa 15<\/p><p>2011 aastal ehitasime 17 korteriga elamu Villardi t\u00e4naval.<\/p>\n<\/div><\/a><\/div><div class=\"col-12 col-sm-6\"><a href=\"http:\/\/www.astlanda.ee\/blog\/korterid\/vabriku-8-ja-vabriku-8a-tallinn\/\" class=\"item-project d-block\" target=\"_blank\"><div class=\"item-project--thumb\"><img decoding=\"async\" width=\"570\" height=\"320\" src=\"https:\/\/lovirahu.astlanda.ee\/elupinnad\/wp-content\/uploads\/sites\/2\/fly-images\/211\/vabriku-min-570x320-c.jpg\" class=\"attachment-img-570x320\" alt=\"vabriku-min\" \/><\/div><div class=\"item-project--about editor-content\"><p class=\"has-large-font-size text-primary font-forum\">Vabriku 8 ja Vabriku 8A<\/p><p>Aastatel 2011-2012 valmisid 2 kortermaja Kalamajas, kokku 29 korteriga.<\/p>\n<\/div><\/a><\/div><div class=\"col-12 col-sm-6\"><a href=\"http:\/\/www.astlanda.ee\/blog\/korterid\/paldiski-mnt-14-tallinn\/\" class=\"item-project d-block\" target=\"_blank\"><div class=\"item-project--thumb\"><img decoding=\"async\" width=\"570\" height=\"320\" src=\"https:\/\/lovirahu.astlanda.ee\/elupinnad\/wp-content\/uploads\/sites\/2\/fly-images\/208\/paldiski-min-570x320-c.jpg\" class=\"attachment-img-570x320\" alt=\"paldiski-min\" \/><\/div><div class=\"item-project--about editor-content\"><p class=\"has-large-font-size text-primary font-forum\">Paldiski mnt. 14<\/p><p>2012. aastal valmis \u00e4ri- ja elamuhoone Paldiski mnt 14, kokku 66 korteri ja 6 \u00e4ripinnaga.<\/p>\n<\/div><\/a><\/div><div class=\"col-12 col-sm-6\"><a href=\"http:\/\/www.astlanda.ee\/blog\/korterid\/suve-2\/\" class=\"item-project d-block\" target=\"_blank\"><div class=\"item-project--thumb\"><img decoding=\"async\" width=\"570\" height=\"320\" src=\"https:\/\/lovirahu.astlanda.ee\/elupinnad\/wp-content\/uploads\/sites\/2\/fly-images\/205\/suve-min-570x320-c.png\" class=\"attachment-img-570x320\" alt=\"suve-min\" \/><\/div><div class=\"item-project--about editor-content\"><p class=\"has-large-font-size text-primary font-forum\">Suve 2<\/p><p>Keskaegse Tallinna vanalinna v\u00e4ravate juurest leiate kaasaegse  kortermaja. Maja on valmis ja k\u00f5ik korterid on t\u00e4naseks m\u00fc\u00fcdud.<\/p>\n<\/div><\/a><\/div><div class=\"col-12 col-sm-6\"><a href=\"http:\/\/www.astlanda.ee\/luha\/\" class=\"item-project d-block\" target=\"_blank\"><div class=\"item-project--thumb\"><img decoding=\"async\" width=\"570\" height=\"320\" src=\"https:\/\/lovirahu.astlanda.ee\/elupinnad\/wp-content\/uploads\/sites\/2\/fly-images\/202\/DSC4433-min-570x320-c.jpg\" class=\"attachment-img-570x320\" alt=\"DSC4433-min\" \/><\/div><div class=\"item-project--about editor-content\"><p class=\"has-large-font-size text-primary font-forum\">Luha 18\/20<\/p><p>Uue \u00e4ri- ja elamuhoone viimane korter leidis omaniku 2018.aasta kevadel.<\/p>\n<\/div><\/a><\/div><div class=\"col-12 col-sm-6\"><a href=\"https:\/\/www.astlanda.ee\/lelle\/\" class=\"item-project d-block\" target=\"_blank\"><div class=\"item-project--thumb\"><img decoding=\"async\" width=\"570\" height=\"320\" src=\"https:\/\/lovirahu.astlanda.ee\/elupinnad\/wp-content\/uploads\/sites\/2\/fly-images\/192\/DSC1325-min-570x320-c.jpg\" class=\"attachment-img-570x320\" alt=\"DSC1325-min\" \/><\/div><div class=\"item-project--about editor-content\"><p class=\"has-large-font-size text-primary font-forum\">Lelle 24<\/p><p>Viru v\u00e4ljakust 4 km kaugusel asuv  energias\u00e4\u00e4stlike lahendustega 16-korruseline hoone majutab imeliste vaadetega kortereid.<\/p>\n<\/div><\/a><\/div><\/div><\/div>","protected":false},"excerpt":{"rendered":"<p>Astlanda Ehitus on Eesti ehitusturul tegutsenud juba \u00fcle 15 aasta. Nii on meil ette n\u00e4idata pikk ja muljetavaldav nimekiri tehtud&#8230;<\/p>\n","protected":false},"author":1,"featured_media":0,"parent":0,"menu_order":70,"comment_status":"closed","ping_status":"closed","template":"","meta":{"_acf_changed":false,"inline_featured_image":false,"footnotes":""},"acf":[],"_links":{"self":[{"href":"https:\/\/lovirahu.astlanda.ee\/elupinnad\/wp-json\/wp\/v2\/pages\/52"}],"collection":[{"href":"https:\/\/lovirahu.astlanda.ee\/elupinnad\/wp-json\/wp\/v2\/pages"}],"about":[{"href":"https:\/\/lovirahu.astlanda.ee\/elupinnad\/wp-json\/wp\/v2\/types\/page"}],"author":[{"embeddable":true,"href":"https:\/\/lovirahu.astlanda.ee\/elupinnad\/wp-json\/wp\/v2\/users\/1"}],"replies":[{"embeddable":true,"href":"https:\/\/lovirahu.astlanda.ee\/elupinnad\/wp-json\/wp\/v2\/comments?post=52"}],"version-history":[{"count":15,"href":"https:\/\/lovirahu.astlanda.ee\/elupinnad\/wp-json\/wp\/v2\/pages\/52\/revisions"}],"predecessor-version":[{"id":5517,"href":"https:\/\/lovirahu.astlanda.ee\/elupinnad\/wp-json\/wp\/v2\/pages\/52\/revisions\/5517"}],"wp:attachment":[{"href":"https:\/\/lovirahu.astlanda.ee\/elupinnad\/wp-json\/wp\/v2\/media?parent=52"}],"curies":[{"name":"wp","href":"https:\/\/api.w.org\/{rel}","templated":true}]}}